{"id":1242,"date":"2026-03-03T11:12:53","date_gmt":"2026-03-03T10:12:53","guid":{"rendered":"https:\/\/www.oberhuberhof.net\/contatto\/"},"modified":"2026-04-16T16:36:46","modified_gmt":"2026-04-16T14:36:46","slug":"contatto","status":"publish","type":"page","link":"https:\/\/www.oberhuberhof.net\/it\/contatto\/","title":{"rendered":"Contatto"},"content":{"rendered":"<p>[et_pb_section fb_built=&#8221;1&#8243; fullwidth=&#8221;on&#8221; _builder_version=&#8221;4.27.5&#8243; _module_preset=&#8221;default&#8221; global_colors_info=&#8221;{}&#8221; da_is_popup=&#8221;off&#8221; da_exit_intent=&#8221;off&#8221; da_has_close=&#8221;on&#8221; da_alt_close=&#8221;off&#8221; da_dark_close=&#8221;off&#8221; da_not_modal=&#8221;on&#8221; da_is_singular=&#8221;off&#8221; da_with_loader=&#8221;off&#8221; da_has_shadow=&#8221;on&#8221; da_disable_devices=&#8221;off|off|off&#8221;][et_pb_fullwidth_slider _builder_version=&#8221;4.27.5&#8243; _module_preset=&#8221;default&#8221; background_enable_image=&#8221;off&#8221; min_height=&#8221;1000px&#8221; min_height_tablet=&#8221;775px&#8221; min_height_phone=&#8221;410px&#8221; min_height_last_edited=&#8221;on|phone&#8221; height=&#8221;100%&#8221; auto=&#8221;on&#8221; auto_speed=&#8221;5000&#8243; global_colors_info=&#8221;{}&#8221;][et_pb_slide image=&#8221;https:\/\/www.oberhuberhof.net\/wp-content\/uploads\/2026\/02\/Oberhuberhof_Home_SliderLayer.png&#8221; use_bg_overlay=&#8221;off&#8221; alignment=&#8221;bottom&#8221; _builder_version=&#8221;4.27.5&#8243; _module_preset=&#8221;default&#8221; background_color=&#8221;RGBA(255,255,255,0)&#8221; background_enable_color=&#8221;on&#8221; background_image=&#8221;https:\/\/www.oberhuberhof.net\/wp-content\/uploads\/2026\/03\/Oberhuberhof_Kontakt_Header.jpg&#8221; background_enable_image=&#8221;on&#8221; background_last_edited=&#8221;on|tablet&#8221; background_image_tablet=&#8221;https:\/\/www.oberhuberhof.net\/wp-content\/uploads\/2026\/03\/Oberhuberhof_Kontakt_Header_mobil.jpg&#8221; background_enable_image_tablet=&#8221;on&#8221; global_colors_info=&#8221;{}&#8221; sticky_transition=&#8221;on&#8221;][\/et_pb_slide][\/et_pb_fullwidth_slider][\/et_pb_section][et_pb_section fb_built=&#8221;1&#8243; _builder_version=&#8221;4.27.5&#8243; _module_preset=&#8221;default&#8221; custom_margin=&#8221;-3%||||false|false&#8221; custom_margin_tablet=&#8221;auto||||false|false&#8221; custom_margin_phone=&#8221;auto||||false|false&#8221; custom_margin_last_edited=&#8221;on|tablet&#8221; custom_padding=&#8221;10px||||false|false&#8221; global_colors_info=&#8221;{}&#8221; da_is_popup=&#8221;off&#8221; da_exit_intent=&#8221;off&#8221; da_has_close=&#8221;on&#8221; da_alt_close=&#8221;off&#8221; da_dark_close=&#8221;off&#8221; da_not_modal=&#8221;on&#8221; da_is_singular=&#8221;off&#8221; da_with_loader=&#8221;off&#8221; da_has_shadow=&#8221;on&#8221; da_disable_devices=&#8221;off|off|off&#8221;][et_pb_row column_structure=&#8221;1_2,1_2&#8243; use_custom_gutter=&#8221;on&#8221; gutter_width=&#8221;1&#8243; _builder_version=&#8221;4.27.5&#8243; _module_preset=&#8221;default&#8221; global_colors_info=&#8221;{}&#8221;][et_pb_column type=&#8221;1_2&#8243; _builder_version=&#8221;4.27.5&#8243; _module_preset=&#8221;default&#8221; global_colors_info=&#8221;{}&#8221;][et_pb_text _builder_version=&#8221;4.27.5&#8243; _module_preset=&#8221;default&#8221; header_text_color=&#8221;#AEA693&#8243; header_font_size=&#8221;60px&#8221; header_letter_spacing=&#8221;2px&#8221; width=&#8221;60%&#8221; width_tablet=&#8221;&#8221; width_phone=&#8221;&#8221; width_last_edited=&#8221;on|tablet&#8221; animation_style=&#8221;fade&#8221; animation_duration=&#8221;1800ms&#8221; animation_delay=&#8221;200ms&#8221; animation_starting_opacity=&#8221;10%&#8221; header_font_size_tablet=&#8221;60px&#8221; header_font_size_phone=&#8221;56px&#8221; header_font_size_last_edited=&#8221;on|phone&#8221; module_alignment_tablet=&#8221;&#8221; module_alignment_phone=&#8221;&#8221; module_alignment_last_edited=&#8221;on|tablet&#8221; global_colors_info=&#8221;{}&#8221;]<\/p>\n<h1>CONTATTO<\/h1>\n<p>[\/et_pb_text][\/et_pb_column][et_pb_column type=&#8221;1_2&#8243; _builder_version=&#8221;4.27.5&#8243; _module_preset=&#8221;default&#8221; global_colors_info=&#8221;{}&#8221;][\/et_pb_column][\/et_pb_row][et_pb_row column_structure=&#8221;2_5,3_5&#8243; _builder_version=&#8221;4.27.5&#8243; _module_preset=&#8221;default&#8221; custom_margin=&#8221;0px||||false|false&#8221; custom_padding=&#8221;0px||||false|false&#8221; global_colors_info=&#8221;{}&#8221;][et_pb_column type=&#8221;2_5&#8243; _builder_version=&#8221;4.27.5&#8243; _module_preset=&#8221;default&#8221; global_colors_info=&#8221;{}&#8221;][et_pb_text _builder_version=&#8221;4.27.5&#8243; _module_preset=&#8221;default&#8221; width_tablet=&#8221;100%&#8221; width_phone=&#8221;100%&#8221; width_last_edited=&#8221;on|tablet&#8221; animation_style=&#8221;fade&#8221; animation_duration=&#8221;1800ms&#8221; animation_delay=&#8221;200ms&#8221; animation_starting_opacity=&#8221;10%&#8221; global_colors_info=&#8221;{}&#8221;]<\/p>\n<p><strong>Contattaci \u2013 Non vediamo l\u2019ora di darti il benvenuto!<\/strong><\/p>\n<p>Un caloroso benvenuto all\u2019Oberhuberhof! Wir, Familie Lechner, stehen Ihnen gerne f\u00fcr Fragen, Buchungen oder Tipps rund um Ihren Aufenthalt zur Verf\u00fcgung.<br \/>Ob telefonisch, per E-Mail oder \u00fcber unser Kontaktformular \u2013 wir freuen uns darauf, von Ihnen zu h\u00f6ren und Ihnen einen unvergesslichen Urlaub in Rodeneck zu erm\u00f6glichen.<\/p>\n<p>[\/et_pb_text][\/et_pb_column][et_pb_column type=&#8221;3_5&#8243; _builder_version=&#8221;4.27.5&#8243; _module_preset=&#8221;default&#8221; global_colors_info=&#8221;{}&#8221;][et_pb_contact_form submit_button_text=&#8221;Invia&#8221; _builder_version=&#8221;4.27.6&#8243; _module_preset=&#8221;default&#8221; _unique_id=&#8221;0fe65edb-c9df-4852-8130-5912a0088b3d&#8221; form_field_background_color=&#8221;#FFFFFF&#8221; form_field_text_color=&#8221;#AEA693&#8243; custom_button=&#8221;on&#8221; button_text_size=&#8221;14px&#8221; button_font=&#8221;|700|||||||&#8221; button_use_icon=&#8221;off&#8221; hover_enabled=&#8221;0&#8243; border_width_all=&#8221;1px&#8221; border_color_all=&#8221;#EEECE9&#8243; global_colors_info=&#8221;{}&#8221; use_spam_service=&#8221;on&#8221; recaptcha_list=&#8221;Default|Default-0&#8243; sticky_enabled=&#8221;0&#8243;][et_pb_contact_field field_id=&#8221;Vorname&#8221; field_title=&#8221;Nome&#8221; _builder_version=&#8221;4.27.5&#8243; global_colors_info=&#8221;{}&#8221; button_text_size__hover_enabled=&#8221;off&#8221; button_one_text_size__hover_enabled=&#8221;off&#8221; button_two_text_size__hover_enabled=&#8221;off&#8221; button_text_color__hover_enabled=&#8221;off&#8221; button_one_text_color__hover_enabled=&#8221;off&#8221; button_two_text_color__hover_enabled=&#8221;off&#8221; button_border_width__hover_enabled=&#8221;off&#8221; button_one_border_width__hover_enabled=&#8221;off&#8221; button_two_border_width__hover_enabled=&#8221;off&#8221; button_border_color__hover_enabled=&#8221;off&#8221; button_one_border_color__hover_enabled=&#8221;off&#8221; button_two_border_color__hover_enabled=&#8221;off&#8221; button_border_radius__hover_enabled=&#8221;off&#8221; button_one_border_radius__hover_enabled=&#8221;off&#8221; button_two_border_radius__hover_enabled=&#8221;off&#8221; button_letter_spacing__hover_enabled=&#8221;off&#8221; button_one_letter_spacing__hover_enabled=&#8221;off&#8221; button_two_letter_spacing__hover_enabled=&#8221;off&#8221; button_bg_color__hover_enabled=&#8221;off&#8221; button_one_bg_color__hover_enabled=&#8221;off&#8221; button_two_bg_color__hover_enabled=&#8221;off&#8221;][\/et_pb_contact_field][et_pb_contact_field field_id=&#8221;Nachname&#8221; field_title=&#8221;Cognome&#8221; _builder_version=&#8221;4.27.5&#8243; global_colors_info=&#8221;{}&#8221; button_text_size__hover_enabled=&#8221;off&#8221; button_one_text_size__hover_enabled=&#8221;off&#8221; button_two_text_size__hover_enabled=&#8221;off&#8221; button_text_color__hover_enabled=&#8221;off&#8221; button_one_text_color__hover_enabled=&#8221;off&#8221; button_two_text_color__hover_enabled=&#8221;off&#8221; button_border_width__hover_enabled=&#8221;off&#8221; button_one_border_width__hover_enabled=&#8221;off&#8221; button_two_border_width__hover_enabled=&#8221;off&#8221; button_border_color__hover_enabled=&#8221;off&#8221; button_one_border_color__hover_enabled=&#8221;off&#8221; button_two_border_color__hover_enabled=&#8221;off&#8221; button_border_radius__hover_enabled=&#8221;off&#8221; button_one_border_radius__hover_enabled=&#8221;off&#8221; button_two_border_radius__hover_enabled=&#8221;off&#8221; button_letter_spacing__hover_enabled=&#8221;off&#8221; button_one_letter_spacing__hover_enabled=&#8221;off&#8221; button_two_letter_spacing__hover_enabled=&#8221;off&#8221; button_bg_color__hover_enabled=&#8221;off&#8221; button_one_bg_color__hover_enabled=&#8221;off&#8221; button_two_bg_color__hover_enabled=&#8221;off&#8221;][\/et_pb_contact_field][et_pb_contact_field field_id=&#8221;Telefonnummer&#8221; field_title=&#8221;Numero di telefono&#8221; allowed_symbols=&#8221;numbers&#8221; required_mark=&#8221;off&#8221; _builder_version=&#8221;4.27.5&#8243; global_colors_info=&#8221;{}&#8221; button_text_size__hover_enabled=&#8221;off&#8221; button_one_text_size__hover_enabled=&#8221;off&#8221; button_two_text_size__hover_enabled=&#8221;off&#8221; button_text_color__hover_enabled=&#8221;off&#8221; button_one_text_color__hover_enabled=&#8221;off&#8221; button_two_text_color__hover_enabled=&#8221;off&#8221; button_border_width__hover_enabled=&#8221;off&#8221; button_one_border_width__hover_enabled=&#8221;off&#8221; button_two_border_width__hover_enabled=&#8221;off&#8221; button_border_color__hover_enabled=&#8221;off&#8221; button_one_border_color__hover_enabled=&#8221;off&#8221; button_two_border_color__hover_enabled=&#8221;off&#8221; button_border_radius__hover_enabled=&#8221;off&#8221; button_one_border_radius__hover_enabled=&#8221;off&#8221; button_two_border_radius__hover_enabled=&#8221;off&#8221; button_letter_spacing__hover_enabled=&#8221;off&#8221; button_one_letter_spacing__hover_enabled=&#8221;off&#8221; button_two_letter_spacing__hover_enabled=&#8221;off&#8221; button_bg_color__hover_enabled=&#8221;off&#8221; button_one_bg_color__hover_enabled=&#8221;off&#8221; button_two_bg_color__hover_enabled=&#8221;off&#8221;][\/et_pb_contact_field][et_pb_contact_field field_id=&#8221;Email&#8221; field_title=&#8221;Indirizzo Mail&#8221; field_type=&#8221;email&#8221; _builder_version=&#8221;4.16&#8243; global_colors_info=&#8221;{}&#8221; button_text_size__hover_enabled=&#8221;off&#8221; button_one_text_size__hover_enabled=&#8221;off&#8221; button_two_text_size__hover_enabled=&#8221;off&#8221; button_text_color__hover_enabled=&#8221;off&#8221; button_one_text_color__hover_enabled=&#8221;off&#8221; button_two_text_color__hover_enabled=&#8221;off&#8221; button_border_width__hover_enabled=&#8221;off&#8221; button_one_border_width__hover_enabled=&#8221;off&#8221; button_two_border_width__hover_enabled=&#8221;off&#8221; button_border_color__hover_enabled=&#8221;off&#8221; button_one_border_color__hover_enabled=&#8221;off&#8221; button_two_border_color__hover_enabled=&#8221;off&#8221; button_border_radius__hover_enabled=&#8221;off&#8221; button_one_border_radius__hover_enabled=&#8221;off&#8221; button_two_border_radius__hover_enabled=&#8221;off&#8221; button_letter_spacing__hover_enabled=&#8221;off&#8221; button_one_letter_spacing__hover_enabled=&#8221;off&#8221; button_two_letter_spacing__hover_enabled=&#8221;off&#8221; button_bg_color__hover_enabled=&#8221;off&#8221; button_one_bg_color__hover_enabled=&#8221;off&#8221; button_two_bg_color__hover_enabled=&#8221;off&#8221;][\/et_pb_contact_field][et_pb_contact_field field_id=&#8221;Nachricht&#8221; field_title=&#8221;Messaggio&#8221; field_type=&#8221;text&#8221; fullwidth_field=&#8221;on&#8221; _builder_version=&#8221;4.27.5&#8243; global_colors_info=&#8221;{}&#8221; button_text_size__hover_enabled=&#8221;off&#8221; button_one_text_size__hover_enabled=&#8221;off&#8221; button_two_text_size__hover_enabled=&#8221;off&#8221; button_text_color__hover_enabled=&#8221;off&#8221; button_one_text_color__hover_enabled=&#8221;off&#8221; button_two_text_color__hover_enabled=&#8221;off&#8221; button_border_width__hover_enabled=&#8221;off&#8221; button_one_border_width__hover_enabled=&#8221;off&#8221; button_two_border_width__hover_enabled=&#8221;off&#8221; button_border_color__hover_enabled=&#8221;off&#8221; button_one_border_color__hover_enabled=&#8221;off&#8221; button_two_border_color__hover_enabled=&#8221;off&#8221; button_border_radius__hover_enabled=&#8221;off&#8221; button_one_border_radius__hover_enabled=&#8221;off&#8221; button_two_border_radius__hover_enabled=&#8221;off&#8221; button_letter_spacing__hover_enabled=&#8221;off&#8221; button_one_letter_spacing__hover_enabled=&#8221;off&#8221; button_two_letter_spacing__hover_enabled=&#8221;off&#8221; button_bg_color__hover_enabled=&#8221;off&#8221; button_one_bg_color__hover_enabled=&#8221;off&#8221; button_two_bg_color__hover_enabled=&#8221;off&#8221;][\/et_pb_contact_field][\/et_pb_contact_form][\/et_pb_column][\/et_pb_row][\/et_pb_section][et_pb_section fb_built=&#8221;1&#8243; fullwidth=&#8221;on&#8221; _builder_version=&#8221;4.27.5&#8243; _module_preset=&#8221;default&#8221; global_colors_info=&#8221;{}&#8221; da_is_popup=&#8221;off&#8221; da_exit_intent=&#8221;off&#8221; da_has_close=&#8221;on&#8221; da_alt_close=&#8221;off&#8221; da_dark_close=&#8221;off&#8221; da_not_modal=&#8221;on&#8221; da_is_singular=&#8221;off&#8221; da_with_loader=&#8221;off&#8221; da_has_shadow=&#8221;on&#8221; da_disable_devices=&#8221;off|off|off&#8221;][et_pb_fullwidth_image src=&#8221;https:\/\/www.oberhuberhof.net\/wp-content\/uploads\/2026\/03\/Oberhuberhof_Kontakt_Spruch.jpg&#8221; title_text=&#8221;Oberhuberhof_Kontakt_Spruch&#8221; _builder_version=&#8221;4.27.6&#8243; _module_preset=&#8221;default&#8221; custom_margin=&#8221;||||false|false&#8221; global_colors_info=&#8221;{}&#8221;][\/et_pb_fullwidth_image][\/et_pb_section][et_pb_section fb_built=&#8221;1&#8243; _builder_version=&#8221;4.27.5&#8243; _module_preset=&#8221;default&#8221; custom_margin=&#8221;4%||4%||true|false&#8221; global_colors_info=&#8221;{}&#8221; da_is_popup=&#8221;off&#8221; da_exit_intent=&#8221;off&#8221; da_has_close=&#8221;on&#8221; da_alt_close=&#8221;off&#8221; da_dark_close=&#8221;off&#8221; da_not_modal=&#8221;on&#8221; da_is_singular=&#8221;off&#8221; da_with_loader=&#8221;off&#8221; da_has_shadow=&#8221;on&#8221; da_disable_devices=&#8221;off|off|off&#8221;][et_pb_row column_structure=&#8221;2_3,1_3&#8243; make_equal=&#8221;on&#8221; _builder_version=&#8221;4.27.5&#8243; _module_preset=&#8221;default&#8221; global_colors_info=&#8221;{}&#8221;][et_pb_column type=&#8221;2_3&#8243; _builder_version=&#8221;4.27.5&#8243; _module_preset=&#8221;default&#8221; global_colors_info=&#8221;{}&#8221;][et_pb_text content_tablet=&#8221;<\/p>\n<h1>Qui inizia il tempo per rallentare e godere.<\/h1>\n<p>&#8221; content_phone=&#8221;<\/p>\n<h1>Qui inizia il tempo per rallentare e godere.<\/h1>\n<p>&#8221; content_last_edited=&#8221;on|tablet&#8221; _builder_version=&#8221;4.27.5&#8243; _module_preset=&#8221;default&#8221; header_text_color=&#8221;#AEA693&#8243; header_font_size=&#8221;50px&#8221; custom_margin=&#8221;||||true|false&#8221; animation_style=&#8221;fade&#8221; animation_duration=&#8221;1800ms&#8221; animation_delay=&#8221;200ms&#8221; animation_starting_opacity=&#8221;10%&#8221; global_colors_info=&#8221;{}&#8221;]<\/p>\n<h1>Qui inizia il tempo<br \/>per rallentare e godere.<\/h1>\n<p>[\/et_pb_text][\/et_pb_column][et_pb_column type=&#8221;1_3&#8243; _builder_version=&#8221;4.27.5&#8243; _module_preset=&#8221;default&#8221; custom_css_main_element=&#8221;margin: auto auto 0;&#8221; global_colors_info=&#8221;{}&#8221;][et_pb_text _builder_version=&#8221;4.27.5&#8243; _module_preset=&#8221;default&#8221; header_text_align=&#8221;center&#8221; header_text_color=&#8221;#AEA693&#8243; header_font_size=&#8221;50px&#8221; header_2_text_color=&#8221;#AEA693&#8243; header_2_font_size=&#8221;40px&#8221; custom_margin=&#8221;||||true|false&#8221; global_colors_info=&#8221;{}&#8221;]<\/p>\n<h2>Prenota &gt;&gt;<\/h2>\n<p>[\/et_pb_text][\/et_pb_column][\/et_pb_row][\/et_pb_section]<\/p>\n","protected":false},"excerpt":{"rendered":"<p>CONTATTOContattaci \u2013 Non vediamo l\u2019ora di darti il benvenuto! Un caloroso benvenuto all\u2019Oberhuberhof! Wir, Familie Lechner, stehen Ihnen gerne f\u00fcr Fragen, Buchungen oder Tipps rund um Ihren Aufenthalt zur Verf\u00fcgung.Ob telefonisch, per E-Mail oder \u00fcber unser Kontaktformular \u2013 wir freuen uns darauf, von Ihnen zu h\u00f6ren und Ihnen einen unvergesslichen Urlaub in Rodeneck zu erm\u00f6glichen.Qui inizia il tempoper rallentare e godere.Prenota &gt;&gt;<\/p>\n","protected":false},"author":1,"featured_media":0,"parent":0,"menu_order":60,"comment_status":"closed","ping_status":"closed","template":"","meta":{"_et_pb_use_builder":"on","_et_pb_old_content":"","_et_gb_content_width":"","footnotes":""},"class_list":["post-1242","page","type-page","status-publish","hentry"],"_links":{"self":[{"href":"https:\/\/www.oberhuberhof.net\/it\/wp-json\/wp\/v2\/pages\/1242","targetHints":{"allow":["GET"]}}],"collection":[{"href":"https:\/\/www.oberhuberhof.net\/it\/wp-json\/wp\/v2\/pages"}],"about":[{"href":"https:\/\/www.oberhuberhof.net\/it\/wp-json\/wp\/v2\/types\/page"}],"author":[{"embeddable":true,"href":"https:\/\/www.oberhuberhof.net\/it\/wp-json\/wp\/v2\/users\/1"}],"replies":[{"embeddable":true,"href":"https:\/\/www.oberhuberhof.net\/it\/wp-json\/wp\/v2\/comments?post=1242"}],"version-history":[{"count":8,"href":"https:\/\/www.oberhuberhof.net\/it\/wp-json\/wp\/v2\/pages\/1242\/revisions"}],"predecessor-version":[{"id":1659,"href":"https:\/\/www.oberhuberhof.net\/it\/wp-json\/wp\/v2\/pages\/1242\/revisions\/1659"}],"wp:attachment":[{"href":"https:\/\/www.oberhuberhof.net\/it\/wp-json\/wp\/v2\/media?parent=1242"}],"curies":[{"name":"wp","href":"https:\/\/api.w.org\/{rel}","templated":true}]}}