{"id":1230,"date":"2026-03-16T09:49:39","date_gmt":"2026-03-16T08:49:39","guid":{"rendered":"https:\/\/www.oberhuberhof.net\/servizi-inclusi\/"},"modified":"2026-03-27T13:57:30","modified_gmt":"2026-03-27T12:57:30","slug":"servizi-inclusi","status":"publish","type":"page","link":"https:\/\/www.oberhuberhof.net\/it\/servizi-inclusi\/","title":{"rendered":"Servizi Inclusi"},"content":{"rendered":"<p>[et_pb_section fb_built=&#8221;1&#8243; fullwidth=&#8221;on&#8221; _builder_version=&#8221;4.27.5&#8243; _module_preset=&#8221;default&#8221; global_colors_info=&#8221;{}&#8221; da_is_popup=&#8221;off&#8221; da_exit_intent=&#8221;off&#8221; da_has_close=&#8221;on&#8221; da_alt_close=&#8221;off&#8221; da_dark_close=&#8221;off&#8221; da_not_modal=&#8221;on&#8221; da_is_singular=&#8221;off&#8221; da_with_loader=&#8221;off&#8221; da_has_shadow=&#8221;on&#8221; da_disable_devices=&#8221;off|off|off&#8221;][et_pb_fullwidth_slider _builder_version=&#8221;4.27.6&#8243; _module_preset=&#8221;default&#8221; background_enable_image=&#8221;off&#8221; min_height=&#8221;1000px&#8221; min_height_tablet=&#8221;775px&#8221; min_height_phone=&#8221;410px&#8221; min_height_last_edited=&#8221;on|phone&#8221; height=&#8221;100%&#8221; auto=&#8221;on&#8221; auto_speed=&#8221;5000&#8243; global_colors_info=&#8221;{}&#8221;][et_pb_slide image=&#8221;https:\/\/www.oberhuberhof.net\/wp-content\/uploads\/2026\/02\/Oberhuberhof_Home_SliderLayer.png&#8221; use_bg_overlay=&#8221;off&#8221; alignment=&#8221;bottom&#8221; _builder_version=&#8221;4.27.6&#8243; _module_preset=&#8221;default&#8221; background_color=&#8221;RGBA(255,255,255,0)&#8221; background_enable_color=&#8221;on&#8221; background_image=&#8221;https:\/\/www.oberhuberhof.net\/wp-content\/uploads\/2026\/03\/Oberhuberhof_Inklusivleistungen_Slider_4.jpg&#8221; background_enable_image=&#8221;on&#8221; background_last_edited=&#8221;on|phone&#8221; background_image_tablet=&#8221;https:\/\/www.oberhuberhof.net\/wp-content\/uploads\/2026\/03\/Oberhuberhof_Inklusivleistungen_Slider4_mobil.jpg&#8221; background_image_phone=&#8221;https:\/\/www.oberhuberhof.net\/wp-content\/uploads\/2026\/03\/Oberhuberhof_Inklusivleistungen_Slider4_mobil.jpg&#8221; background_enable_image_tablet=&#8221;on&#8221; background_enable_image_phone=&#8221;on&#8221; global_colors_info=&#8221;{}&#8221; sticky_transition=&#8221;on&#8221;][\/et_pb_slide][et_pb_slide image=&#8221;https:\/\/www.oberhuberhof.net\/wp-content\/uploads\/2026\/02\/Oberhuberhof_Home_SliderLayer.png&#8221; use_bg_overlay=&#8221;off&#8221; alignment=&#8221;bottom&#8221; _builder_version=&#8221;4.27.6&#8243; _module_preset=&#8221;default&#8221; background_color=&#8221;RGBA(255,255,255,0)&#8221; background_enable_color=&#8221;on&#8221; background_image=&#8221;https:\/\/www.oberhuberhof.net\/wp-content\/uploads\/2026\/03\/Oberhuberhof_Inklusivleistungen_Slider_2.jpg&#8221; background_enable_image=&#8221;on&#8221; background_last_edited=&#8221;on|desktop&#8221; background_image_tablet=&#8221;https:\/\/www.oberhuberhof.net\/wp-content\/uploads\/2026\/03\/Oberhuberhof_Inklusivleistungen_Slider2_mobil.jpg&#8221; background_image_phone=&#8221;https:\/\/www.oberhuberhof.net\/wp-content\/uploads\/2026\/03\/Oberhuberhof_Inklusivleistungen_Slider2_mobil.jpg&#8221; background_enable_image_tablet=&#8221;on&#8221; background_enable_image_phone=&#8221;on&#8221; global_colors_info=&#8221;{}&#8221; sticky_transition=&#8221;on&#8221;][\/et_pb_slide][\/et_pb_fullwidth_slider][\/et_pb_section][et_pb_section fb_built=&#8221;1&#8243; _builder_version=&#8221;4.27.5&#8243; _module_preset=&#8221;default&#8221; z_index=&#8221;287&#8243; custom_margin=&#8221;-3%||||false|false&#8221; global_colors_info=&#8221;{}&#8221; da_is_popup=&#8221;off&#8221; da_exit_intent=&#8221;off&#8221; da_has_close=&#8221;on&#8221; da_alt_close=&#8221;off&#8221; da_dark_close=&#8221;off&#8221; da_not_modal=&#8221;on&#8221; da_is_singular=&#8221;off&#8221; da_with_loader=&#8221;off&#8221; da_has_shadow=&#8221;on&#8221; da_disable_devices=&#8221;off|off|off&#8221;][et_pb_row make_equal=&#8221;on&#8221; _builder_version=&#8221;4.27.5&#8243; _module_preset=&#8221;default&#8221; global_colors_info=&#8221;{}&#8221;][et_pb_column type=&#8221;4_4&#8243; _builder_version=&#8221;4.27.5&#8243; _module_preset=&#8221;default&#8221; global_colors_info=&#8221;{}&#8221;][et_pb_text _builder_version=&#8221;4.27.6&#8243; _module_preset=&#8221;default&#8221; animation_style=&#8221;fade&#8221; animation_duration=&#8221;1800ms&#8221; animation_delay=&#8221;200ms&#8221; animation_starting_opacity=&#8221;10%&#8221; global_colors_info=&#8221;{}&#8221;]<\/p>\n<h1>Servizi Inclusi<\/h1>\n<p>[\/et_pb_text][\/et_pb_column][\/et_pb_row][et_pb_row column_structure=&#8221;3_5,2_5&#8243; make_equal=&#8221;on&#8221; _builder_version=&#8221;4.27.6&#8243; _module_preset=&#8221;default&#8221; global_colors_info=&#8221;{}&#8221;][et_pb_column type=&#8221;3_5&#8243; _builder_version=&#8221;4.27.5&#8243; _module_preset=&#8221;default&#8221; global_colors_info=&#8221;{}&#8221;][et_pb_text _builder_version=&#8221;4.27.6&#8243; _module_preset=&#8221;default&#8221; animation_style=&#8221;fade&#8221; animation_duration=&#8221;1800ms&#8221; animation_delay=&#8221;200ms&#8221; animation_starting_opacity=&#8221;10%&#8221; global_colors_info=&#8221;{}&#8221;]<\/p>\n<p>I nostri ospiti potranno approfittare di numerosi servizi inclusi e di extra speciali che rendono la vacanza in maso ancora pi\u00f9 piacevole.<br \/>Momenti di relax nella cabina a infrarossi, libera mobilit\u00e0 e vantaggi con la S\u00fcdtirol Card, o ore di puro benessere nel Day Spa dell&#8217;albergo vicino \u2013 vi offriamo tutto il possibile per una pausa rigenerante e indimenticabile. <\/p>\n<p>[\/et_pb_text][\/et_pb_column][et_pb_column type=&#8221;2_5&#8243; _builder_version=&#8221;4.27.6&#8243; _module_preset=&#8221;default&#8221; global_colors_info=&#8221;{}&#8221;][et_pb_toggle title=&#8221;Cosa \u00e8 incluso?&#8221; _builder_version=&#8221;4.27.6&#8243; _module_preset=&#8221;default&#8221; title_font_size=&#8221;23px&#8221; global_colors_info=&#8221;{}&#8221;]<\/p>\n<ul>\n<li>S\u00fcdtirol Card<\/li>\n<li>Pulizia finale<\/li>\n<li>Uso della sauna a infrarossi<\/li>\n<li>Uova e latte della fattoria, erbe e<\/li>\n<li>frutta dall\u2019orto (secondo stagione)<\/li>\n<li>Parcheggio<\/li>\n<li>cucina completamente attrezzata, biancheria da letto, asciugamani e prodotti per la pulizia<\/li>\n<li>Giardino con area relax e parco giochi<\/li>\n<li>Possibilit\u00e0 di barbecue<\/li>\n<li>Partecipare alla vita quotidiana del maso<\/li>\n<li>Piccola biblioteca per gli ospiti<\/li>\n<li>Attrezzatura per neonati (su richiesta)<\/li>\n<li>Internet<\/li>\n<li>Gemeinschaftsspiele<\/li>\n<li>Wochenprogramm<\/li>\n<li>Deposito sci con asciugascarponi<\/li>\n<\/ul>\n<p>[\/et_pb_toggle][et_pb_button button_url=&#8221;@ET-DC@eyJkeW5hbWljIjp0cnVlLCJjb250ZW50IjoicG9zdF9saW5rX3VybF9wYWdlIiwic2V0dGluZ3MiOnsicG9zdF9pZCI6IjUzMCJ9fQ==@&#8221; button_text=&#8221;prenota&#8221; button_alignment=&#8221;left&#8221; button_alignment_tablet=&#8221;left&#8221; button_alignment_phone=&#8221;left&#8221; button_alignment_last_edited=&#8221;on|tablet&#8221; _builder_version=&#8221;4.27.6&#8243; _dynamic_attributes=&#8221;button_url&#8221; _module_preset=&#8221;default&#8221; custom_margin=&#8221;10%||||false|false&#8221; custom_margin_tablet=&#8221;5%||||false|false&#8221; custom_margin_phone=&#8221;5%||||false|false&#8221; custom_margin_last_edited=&#8221;on|tablet&#8221; global_colors_info=&#8221;{}&#8221;][\/et_pb_button][\/et_pb_column][\/et_pb_row][\/et_pb_section][et_pb_section fb_built=&#8221;1&#8243; _builder_version=&#8221;4.27.6&#8243; _module_preset=&#8221;default&#8221; background_color=&#8221;#EEECE9&#8243; custom_margin=&#8221;5%||||false|false&#8221; border_width_top=&#8221;3px&#8221; border_color_top=&#8221;#EEECE9&#8243; box_shadow_style=&#8221;preset7&#8243; box_shadow_horizontal=&#8221;0px&#8221; box_shadow_vertical=&#8221;6px&#8221; box_shadow_color=&#8221;#FFFFFF&#8221; global_colors_info=&#8221;{}&#8221; da_is_popup=&#8221;off&#8221; da_exit_intent=&#8221;off&#8221; da_has_close=&#8221;on&#8221; da_alt_close=&#8221;off&#8221; da_dark_close=&#8221;off&#8221; da_not_modal=&#8221;on&#8221; da_is_singular=&#8221;off&#8221; da_with_loader=&#8221;off&#8221; da_has_shadow=&#8221;on&#8221; da_disable_devices=&#8221;off|off|off&#8221;][et_pb_row column_structure=&#8221;1_3,1_3,1_3&#8243; _builder_version=&#8221;4.27.6&#8243; _module_preset=&#8221;default&#8221; width=&#8221;100%&#8221; width_tablet=&#8221;80%&#8221; width_phone=&#8221;80%&#8221; width_last_edited=&#8221;on|tablet&#8221; max_width=&#8221;1300px&#8221; custom_margin=&#8221;3%||3%||true|false&#8221; global_colors_info=&#8221;{}&#8221;][et_pb_column type=&#8221;1_3&#8243; _builder_version=&#8221;4.27.6&#8243; _module_preset=&#8221;default&#8221; global_colors_info=&#8221;{}&#8221;][et_pb_gallery gallery_ids=&#8221;1190&#8243; fullwidth=&#8221;on&#8221; disabled_on=&#8221;off|off|off&#8221; _builder_version=&#8221;4.27.6&#8243; _module_preset=&#8221;default&#8221; background_layout=&#8221;dark&#8221; global_colors_info=&#8221;{}&#8221;][\/et_pb_gallery][et_pb_text _builder_version=&#8221;4.27.6&#8243; _module_preset=&#8221;default&#8221; animation_style=&#8221;fade&#8221; animation_duration=&#8221;1800ms&#8221; animation_delay=&#8221;200ms&#8221; animation_starting_opacity=&#8221;10%&#8221; global_colors_info=&#8221;{}&#8221;]<\/p>\n<p><strong>Sauna a infrarossi<\/strong><\/p>\n<p>Il calore delicato rilassa muscoli e articolazioni, scioglie le tensioni e dona nuova energia.<br \/>All\u2019esterno vi aspetta l\u2019idilliaca natura della Val Pusteria, mentre qui potrete ritrovare relax per corpo e mente, respirare a pieni polmoni e lasciar scorrere via lo stress.  <\/p>\n<p>[\/et_pb_text][et_pb_text _builder_version=&#8221;4.27.6&#8243; _dynamic_attributes=&#8221;link_option_url&#8221; _module_preset=&#8221;default&#8221; link_option_url=&#8221;@ET-DC@eyJkeW5hbWljIjp0cnVlLCJjb250ZW50IjoicG9zdF9saW5rX3VybF9wYWdlIiwic2V0dGluZ3MiOnsicG9zdF9pZCI6IjMwNiJ9fQ==@&#8221; global_colors_info=&#8221;{}&#8221;]<\/p>\n<p><span style=\"text-decoration: underline;\">COS\u2019ALTRO MI ASPETTA AL MASO?<\/span><\/p>\n<p>[\/et_pb_text][\/et_pb_column][et_pb_column type=&#8221;1_3&#8243; _builder_version=&#8221;4.27.6&#8243; _module_preset=&#8221;default&#8221; global_colors_info=&#8221;{}&#8221;][et_pb_image src=&#8221;https:\/\/www.oberhuberhof.net\/wp-content\/uploads\/2026\/03\/Oberhuberhof_Inklusivleistungen_SuedtirolCard.jpg&#8221; title_text=&#8221;Oberhuberhof_Inklusivleistungen_SuedtirolCard&#8221; _builder_version=&#8221;4.27.6&#8243; _module_preset=&#8221;default&#8221; global_colors_info=&#8221;{}&#8221;][\/et_pb_image][et_pb_text _builder_version=&#8221;4.27.6&#8243; _module_preset=&#8221;default&#8221; animation_style=&#8221;fade&#8221; animation_duration=&#8221;1800ms&#8221; animation_delay=&#8221;200ms&#8221; animation_starting_opacity=&#8221;10%&#8221; global_colors_info=&#8221;{}&#8221;]<\/p>\n<p><strong>Brixen S\u00fcdtirol Card <\/strong><\/p>\n<p>Un piccolo angolo di libert\u00e0 \u2013 fin dal primo giorno di vacanza. La Brixen S\u00fcdtirol Card \u00e8 gi\u00e0 inclusa nel vostro soggiorno. Vi accompagner\u00e0 passo passo durante la vacanza, aprendo ogni giorno nuove opportunit\u00e0 per l\u2019intera durata del soggiorno.  <\/p>\n<p>[\/et_pb_text][et_pb_text _builder_version=&#8221;4.27.6&#8243; _module_preset=&#8221;default&#8221; link_option_url=&#8221;#inlusive-sudtirol-card&#8221; hover_enabled=&#8221;0&#8243; global_colors_info=&#8221;{}&#8221; sticky_enabled=&#8221;0&#8243;]<\/p>\n<p><span style=\"text-decoration: underline;\">COSA \u00c8 INCLUSO?<\/span><\/p>\n<p>[\/et_pb_text][\/et_pb_column][et_pb_column type=&#8221;1_3&#8243; _builder_version=&#8221;4.27.6&#8243; _module_preset=&#8221;default&#8221; global_colors_info=&#8221;{}&#8221;][et_pb_image src=&#8221;https:\/\/www.oberhuberhof.net\/wp-content\/uploads\/2026\/03\/Oberhuberhof_Inklusivleistungen_DaySpa.jpg&#8221; title_text=&#8221;Oberhuberhof_Inklusivleistungen_DaySpa&#8221; _builder_version=&#8221;4.27.6&#8243; _module_preset=&#8221;default&#8221; custom_margin_tablet=&#8221;10%||||false|false&#8221; custom_margin_phone=&#8221;10%||||false|false&#8221; custom_margin_last_edited=&#8221;on|tablet&#8221; global_colors_info=&#8221;{}&#8221;][\/et_pb_image][et_pb_text _builder_version=&#8221;4.27.6&#8243; _module_preset=&#8221;default&#8221; animation_style=&#8221;fade&#8221; animation_duration=&#8221;1800ms&#8221; animation_delay=&#8221;200ms&#8221; animation_starting_opacity=&#8221;10%&#8221; global_colors_info=&#8221;{}&#8221;]<\/p>\n<p><strong>Day Spa presso l\u2019Hotel Sch\u00f6nblick<\/strong><\/p>\n<p>I nostri ospiti possono godere di una deliziosa colazione o cena presso l\u2019Hotel Sch\u00f6nblick, rilassarsi nel Day SPA o approfittare di ulteriori servizi dell\u2019hotel \u2013 tutto a condizioni speciali riservate esclusivamente agli ospiti dell\u2019Oberhuberhof.<\/p>\n<p>[\/et_pb_text][et_pb_text _builder_version=&#8221;4.27.6&#8243; _module_preset=&#8221;default&#8221; link_option_url=&#8221;#schoenblick-preise&#8221; hover_enabled=&#8221;0&#8243; global_colors_info=&#8221;{}&#8221; sticky_enabled=&#8221;0&#8243;]<\/p>\n<p><span style=\"text-decoration: underline;\">INFO E PREZZI<\/span><\/p>\n<p>[\/et_pb_text][\/et_pb_column][\/et_pb_row][\/et_pb_section][et_pb_section fb_built=&#8221;1&#8243; theme_builder_area=&#8221;post_content&#8221; _builder_version=&#8221;4.27.6&#8243; _module_preset=&#8221;default&#8221; da_is_popup=&#8221;on&#8221; da_popup_slug=&#8221;inlusive-sudtirol-card&#8221; admin_label=&#8221;Popup &#8211; #inlusive-sudtirol-card&#8221; module_id=&#8221;inlusive-sudtirol-card&#8221; module_class=&#8221;popup&#8221; hover_enabled=&#8221;0&#8243; sticky_enabled=&#8221;0&#8243; width=&#8221;55%&#8221; width_last_edited=&#8221;on|phone&#8221; width_tablet=&#8221;80%&#8221; da_exit_intent=&#8221;off&#8221; da_has_close=&#8221;on&#8221; da_alt_close=&#8221;off&#8221; da_dark_close=&#8221;off&#8221; da_not_modal=&#8221;on&#8221; da_is_singular=&#8221;off&#8221; da_with_loader=&#8221;off&#8221; da_has_shadow=&#8221;on&#8221; da_disable_devices=&#8221;off|off|off&#8221; width_phone=&#8221;80%&#8221;][et_pb_row _builder_version=&#8221;4.27.6&#8243; _module_preset=&#8221;default&#8221; theme_builder_area=&#8221;post_content&#8221;][et_pb_column _builder_version=&#8221;4.27.6&#8243; _module_preset=&#8221;default&#8221; type=&#8221;4_4&#8243; theme_builder_area=&#8221;post_content&#8221;][et_pb_text _builder_version=&#8221;4.27.6&#8243; _module_preset=&#8221;default&#8221; theme_builder_area=&#8221;post_content&#8221; hover_enabled=&#8221;0&#8243; sticky_enabled=&#8221;0&#8243;]<\/p>\n<h3>S\u00fcdtirol Card Servizi Inclusi<\/h3>\n<p><span style=\"text-decoration: underline;\"><strong>Utilizzo gratuito dei mezzi pubblici<\/strong><\/span><\/p>\n<ul>\n<li>Utilizzo gratuito dei mezzi pubblici in Alto Adige<\/li>\n<li>Tutti i treni regionali in Alto Adige (Brennero \u2013 Trento, Malles \u2013 Versciaco)<\/li>\n<li>Tutti gli autobus del trasporto locale, incluso lo skibus in inverno<\/li>\n<li>Funivie pubbliche: Bolzano \u2013 Renon | Bolzano \u2013 Colle | Vilpiano \u2013 Meltina | Postal \u2013 Verano<\/li>\n<li>Ferrovie storiche: Trenino del Renon &amp; funicolare della Mendola<\/li>\n<li>Autobus alpino linea 415 per la Rodengo\u2013Luson Alm<\/li>\n<\/ul>\n<p>Importante: la tessera deve essere convalidata prima di ogni viaggio.<br \/><a href=\"https:\/\/www.suedtirolmobil.info\/de\/#\/\" target=\"_blank\" rel=\"noopener\">Clicca qui per la pianificazione dei percorsi<\/a><\/p>\n<p>&nbsp;<\/p>\n<p><strong><span style=\"text-decoration: underline;\">In determinati periodi \u00e8 possibile una salita e discesa giornaliera gratuita con le seguenti funivie:<\/span><\/strong><\/p>\n<ul>\n<li>Gitschberg\u2013Nesselbahn | Jochtalbahn (14.05.\u201310.07.2026 e 06.09.\u201307.11.2026)<\/li>\n<li>Cabinovia Plose | Cabinovia Pfannspitz | Seggiovia Palmscho\u00df (23.05.\u201310.07.2026 e 06.09.\u201301.11.2026)<\/li>\n<\/ul>\n<p>&nbsp;<\/p>\n<p><span style=\"text-decoration: underline;\"><strong>Ingresso gratuito \u2013 una volta al giorno in ciascuna struttura:<\/strong><\/span><\/p>\n<ul>\n<li>Acquarena Bressanone (3 ore, esclusi domeniche, festivi e periodo 24.12.\u201306.01.)<\/li>\n<li>Piscina all\u2019aperto di Rio di Pusteria<\/li>\n<li>Piscina all\u2019aperto di Chiusa<\/li>\n<li>Piscina all\u2019aperto di Velturno<\/li>\n<\/ul>\n<p>&nbsp;<\/p>\n<p><span style=\"text-decoration: underline;\"><strong>Musei e strutture \u2013 ingresso gratuito una volta al giorno:<\/strong><\/span><\/p>\n<ul>\n<li>Castel Rodengo<\/li>\n<li>Museo della Farmacia Bressanone<\/li>\n<li>Museo Diocesano Palazzo Vescovile Bressanone<\/li>\n<li>Abbazia di Novacella<\/li>\n<li>Museo delle Miniere di Villandro<\/li>\n<li>Museo Civico di Chiusa<\/li>\n<li>Lodenwelt<\/li>\n<li>Capriz \u2013 manifattura del formaggio\n<\/li>\n<\/ul>\n<p>&nbsp;<\/p>\n<p><span style=\"text-decoration: underline;\"><strong>Utilizzo di attivit\u00e0 ricreative selezionate:<\/strong> <\/span><\/p>\n<ul>\n<li>Minigolf Terento \u2013 una volta al giorno gratuito<\/li>\n<li>Minigolf Maranza<\/li>\n<\/ul>\n<p>&nbsp;<\/p>\n<p><a href=\"https:\/\/www.brixen.org\/de\/mein-urlaub\/feriendestination-brixen\/guestpass-brixencard\" target=\"_blank\" rel=\"noopener\">Tutti i dettagli e le informazioni sulla South Tyrol Card sono disponibili qui &gt;&gt; &gt;&gt;<\/a><\/p>\n<p>[\/et_pb_text][\/et_pb_column][\/et_pb_row][\/et_pb_section][et_pb_section fb_built=&#8221;1&#8243; theme_builder_area=&#8221;post_content&#8221; _builder_version=&#8221;4.27.6&#8243; _module_preset=&#8221;default&#8221; da_is_popup=&#8221;on&#8221; da_popup_slug=&#8221;schoenblick-preise&#8221; admin_label=&#8221;Popup &#8211; #schoenblick-preise&#8221; module_id=&#8221;schoenblick-preise&#8221; module_class=&#8221;popup&#8221; hover_enabled=&#8221;0&#8243; sticky_enabled=&#8221;0&#8243; width=&#8221;55%&#8221; width_last_edited=&#8221;on|phone&#8221; width_tablet=&#8221;80%&#8221; da_exit_intent=&#8221;off&#8221; da_has_close=&#8221;on&#8221; da_alt_close=&#8221;off&#8221; da_dark_close=&#8221;off&#8221; da_not_modal=&#8221;on&#8221; da_is_singular=&#8221;off&#8221; da_with_loader=&#8221;off&#8221; da_has_shadow=&#8221;on&#8221; da_disable_devices=&#8221;off|off|off&#8221; width_phone=&#8221;80%&#8221;][et_pb_row _builder_version=&#8221;4.27.6&#8243; _module_preset=&#8221;default&#8221; theme_builder_area=&#8221;post_content&#8221;][et_pb_column _builder_version=&#8221;4.27.6&#8243; _module_preset=&#8221;default&#8221; type=&#8221;4_4&#8243; theme_builder_area=&#8221;post_content&#8221;][et_pb_text _builder_version=&#8221;4.27.6&#8243; _module_preset=&#8221;default&#8221; theme_builder_area=&#8221;post_content&#8221; hover_enabled=&#8221;0&#8243; sticky_enabled=&#8221;0&#8243;]<\/p>\n<h3>Listino prezzi Hotel Sch\u00f6nblick<\/h3>\n<p>Tutte le offerte dell\u2019Hotel Sch\u00f6nblick devono essere prenotate in anticipo.<br \/>Per domande o richieste, contattate direttamente l\u2019Hotel Sch\u00f6nblick:<br \/><a href=\"tel:+390472454141\">+39 0472 454 141<\/a><br \/><a href=\"http:\/\/www.schoenblick.com\">www.schoenblick.com<\/a><\/p>\n<p><span style=\"text-decoration: underline;\"><strong>Prezzi Day Spa:<\/strong><\/span><\/p>\n<p>Day Spa 10.00\u201319.00<br \/>(saune aperte dalle 13.00 alle 19.00)<br \/>40 \u20ac<\/p>\n<p>Day Spa + cena luned\u00ec\u2013venerd\u00ec<br \/>Buffet di insalate &amp; menu a scelta di 4 portate<br \/>70 \u20ac<\/p>\n<p>Day Spa + cena sabato<br \/>Grande buffet di antipasti &amp; menu a scelta di 3 portate<br \/>80 \u20ac<\/p>\n<p>Day Spa + cena domenica<br \/>Menu gala di 6 portate<br \/>80 \u20ac<\/p>\n<p><span style=\"text-decoration: underline;\"><strong>Prezzi ristorazione:<\/strong><\/span><br \/>Cena lun\u2013ven: 40 \u20ac<br \/>Cena sabato\u2013domenica: 50 \u20ac<br \/>Colazione lun\u2013dom: 30 \u20ac<\/p>\n<p>[\/et_pb_text][\/et_pb_column][\/et_pb_row][\/et_pb_section][et_pb_section fb_built=&#8221;1&#8243; fullwidth=&#8221;on&#8221; _builder_version=&#8221;4.27.5&#8243; _module_preset=&#8221;default&#8221; global_colors_info=&#8221;{}&#8221; da_is_popup=&#8221;off&#8221; da_exit_intent=&#8221;off&#8221; da_has_close=&#8221;on&#8221; da_alt_close=&#8221;off&#8221; da_dark_close=&#8221;off&#8221; da_not_modal=&#8221;on&#8221; da_is_singular=&#8221;off&#8221; da_with_loader=&#8221;off&#8221; da_has_shadow=&#8221;on&#8221; da_disable_devices=&#8221;off|off|off&#8221;][et_pb_fullwidth_image src=&#8221;https:\/\/www.oberhuberhof.net\/wp-content\/uploads\/2026\/03\/Oberhuberhof_Inklusivleistungen_Spruch.jpg&#8221; title_text=&#8221;Oberhuberhof_Inklusivleistungen_Spruch&#8221; _builder_version=&#8221;4.27.6&#8243; _module_preset=&#8221;default&#8221; custom_margin=&#8221;||||false|false&#8221; global_colors_info=&#8221;{}&#8221;][\/et_pb_fullwidth_image][\/et_pb_section][et_pb_section fb_built=&#8221;1&#8243; _builder_version=&#8221;4.27.5&#8243; _module_preset=&#8221;default&#8221; custom_margin=&#8221;4%||4%||true|false&#8221; global_colors_info=&#8221;{}&#8221; da_is_popup=&#8221;off&#8221; da_exit_intent=&#8221;off&#8221; da_has_close=&#8221;on&#8221; da_alt_close=&#8221;off&#8221; da_dark_close=&#8221;off&#8221; da_not_modal=&#8221;on&#8221; da_is_singular=&#8221;off&#8221; da_with_loader=&#8221;off&#8221; da_has_shadow=&#8221;on&#8221; da_disable_devices=&#8221;off|off|off&#8221;][et_pb_row column_structure=&#8221;2_3,1_3&#8243; make_equal=&#8221;on&#8221; _builder_version=&#8221;4.27.5&#8243; _module_preset=&#8221;default&#8221; global_colors_info=&#8221;{}&#8221;][et_pb_column type=&#8221;2_3&#8243; _builder_version=&#8221;4.27.5&#8243; _module_preset=&#8221;default&#8221; global_colors_info=&#8221;{}&#8221;][et_pb_text _builder_version=&#8221;4.27.6&#8243; _module_preset=&#8221;default&#8221; header_text_color=&#8221;#AEA693&#8243; header_font_size=&#8221;50px&#8221; custom_margin=&#8221;||||true|false&#8221; animation_style=&#8221;fade&#8221; animation_duration=&#8221;1800ms&#8221; animation_delay=&#8221;200ms&#8221; animation_starting_opacity=&#8221;10%&#8221; global_colors_info=&#8221;{}&#8221;]<\/p>\n<h1>Piccoli dettagli e attenzioni che rendono la vostra vacanza ancora pi\u00f9 speciale.<\/h1>\n<p>[\/et_pb_text][\/et_pb_column][et_pb_column type=&#8221;1_3&#8243; _builder_version=&#8221;4.27.5&#8243; _module_preset=&#8221;default&#8221; custom_css_main_element=&#8221;margin: auto auto 0;&#8221; global_colors_info=&#8221;{}&#8221;][et_pb_text _builder_version=&#8221;4.27.5&#8243; _dynamic_attributes=&#8221;link_option_url&#8221; _module_preset=&#8221;default&#8221; header_text_align=&#8221;center&#8221; header_text_color=&#8221;#AEA693&#8243; header_font_size=&#8221;50px&#8221; header_2_text_color=&#8221;#AEA693&#8243; header_2_font_size=&#8221;40px&#8221; custom_margin=&#8221;||||true|false&#8221; link_option_url=&#8221;@ET-DC@eyJkeW5hbWljIjp0cnVlLCJjb250ZW50IjoicG9zdF9saW5rX3VybF9wYWdlIiwic2V0dGluZ3MiOnsicG9zdF9pZCI6IjUzMCJ9fQ==@&#8221; global_colors_info=&#8221;{}&#8221;]<\/p>\n<h2>Prenota &gt;&gt;<\/h2>\n<p>[\/et_pb_text][\/et_pb_column][\/et_pb_row][\/et_pb_section]<\/p>\n","protected":false},"excerpt":{"rendered":"<p>Servizi InclusiI nostri ospiti potranno approfittare di numerosi servizi inclusi e di extra speciali che rendono la vacanza in maso ancora pi\u00f9 piacevole.Momenti di relax nella cabina a infrarossi, libera mobilit\u00e0 e vantaggi con la S\u00fcdtirol Card, o ore di puro benessere nel Day Spa dell&#8217;albergo vicino \u2013 vi offriamo tutto il possibile per una pausa rigenerante e indimenticabile. S\u00fcdtirol Card Pulizia finale Uso della sauna a infrarossi Uova e latte della fattoria, erbe e frutta dall\u2019orto (secondo stagione) Parcheggio cucina completamente attrezzata, biancheria da letto, asciugamani e prodotti per la pulizia Giardino con area relax e parco giochi Possibilit\u00e0 di barbecue Partecipare alla vita quotidiana del maso Piccola biblioteca per gli ospiti Attrezzatura per neonati (su richiesta) Internet Gemeinschaftsspiele Wochenprogramm Deposito sci con asciugascarponi Sauna a infrarossi Il calore delicato rilassa muscoli e articolazioni, scioglie le tensioni e dona nuova energia.All\u2019esterno vi aspetta l\u2019idilliaca natura della Val Pusteria, mentre qui potrete ritrovare relax per corpo e mente, respirare a pieni polmoni e lasciar scorrere via lo stress. COS\u2019ALTRO MI ASPETTA AL MASO?Brixen S\u00fcdtirol Card Un piccolo angolo di libert\u00e0 \u2013 fin dal primo giorno di vacanza. La Brixen S\u00fcdtirol Card \u00e8 gi\u00e0 inclusa nel vostro soggiorno. Vi accompagner\u00e0 passo [&hellip;]<\/p>\n","protected":false},"author":1,"featured_media":0,"parent":0,"menu_order":25,"comment_status":"closed","ping_status":"closed","template":"","meta":{"_et_pb_use_builder":"on","_et_pb_old_content":"","_et_gb_content_width":"","footnotes":""},"class_list":["post-1230","page","type-page","status-publish","hentry"],"_links":{"self":[{"href":"https:\/\/www.oberhuberhof.net\/it\/wp-json\/wp\/v2\/pages\/1230","targetHints":{"allow":["GET"]}}],"collection":[{"href":"https:\/\/www.oberhuberhof.net\/it\/wp-json\/wp\/v2\/pages"}],"about":[{"href":"https:\/\/www.oberhuberhof.net\/it\/wp-json\/wp\/v2\/types\/page"}],"author":[{"embeddable":true,"href":"https:\/\/www.oberhuberhof.net\/it\/wp-json\/wp\/v2\/users\/1"}],"replies":[{"embeddable":true,"href":"https:\/\/www.oberhuberhof.net\/it\/wp-json\/wp\/v2\/comments?post=1230"}],"version-history":[{"count":10,"href":"https:\/\/www.oberhuberhof.net\/it\/wp-json\/wp\/v2\/pages\/1230\/revisions"}],"predecessor-version":[{"id":1607,"href":"https:\/\/www.oberhuberhof.net\/it\/wp-json\/wp\/v2\/pages\/1230\/revisions\/1607"}],"wp:attachment":[{"href":"https:\/\/www.oberhuberhof.net\/it\/wp-json\/wp\/v2\/media?parent=1230"}],"curies":[{"name":"wp","href":"https:\/\/api.w.org\/{rel}","templated":true}]}}